{"id":1734,"date":"2024-07-04T10:38:24","date_gmt":"2024-07-04T08:38:24","guid":{"rendered":"https:\/\/tinarellisrl.com\/product\/cf4-g\/"},"modified":"2024-07-04T10:38:24","modified_gmt":"2024-07-04T08:38:24","slug":"cf4-g","status":"publish","type":"product","link":"https:\/\/tinarellisrl.com\/fr\/produit\/cf4-g\/","title":{"rendered":"CF4-G"},"content":{"rendered":"<p>Machine de fixation \u00e0 la vapeur de dimensions tr\u00e8s compactes, exclusivement con\u00e7ue pour les mi-bas et les chaussettes pour enfants. Elle garantit d\u2019excellents r\u00e9sultats et une consommation minime de vapeur. La machine est fournie avec 10 jeux de formes. Possibilit\u00e9 d\u2019utiliser des formes \u00e0 fil avec inspection lumineuse ou des formes pleines avec inspection miroir. Taille maximale des mi-bas : 600 mm. Taille maximale des chaussettes pour enfants : 700 mm. Vitesse maximale du cycle : 5,5 secondes. Unit\u00e9s en option :<\/p>\n<ul>\n<li>Panier programmable pour la r\u00e9cup\u00e9ration du produit<\/li>\n<\/ul>\n<p>Combinaison avec ensacheuse ou conditionneuse pour suspension<\/p>\n","protected":false},"excerpt":{"rendered":"<p>Machine de fixation \u00e0 la vapeur pour mi-bas et chaussettes d\u2019enfants<\/p>\n","protected":false},"featured_media":765,"comment_status":"open","ping_status":"closed","template":"","meta":[],"product_brand":[],"product_cat":[112],"product_tag":[],"class_list":{"0":"post-1734","1":"product","2":"type-product","3":"status-publish","4":"has-post-thumbnail","6":"product_cat-hosiery-and-underwear-fr","8":"first","9":"instock","10":"shipping-taxable","11":"product-type-simple"},"yoast_head":"<!-- This site is optimized with the Yoast SEO plugin v26.7 - https:\/\/yoast.com\/wordpress\/plugins\/seo\/ -->\n<title>CF4-G - Tinarelli srl<\/title>\n<meta name=\"robots\" content=\"index, follow, max-snippet:-1, max-image-preview:large, max-video-preview:-1\" \/>\n<link rel=\"canonical\" href=\"https:\/\/tinarellisrl.com\/en\/produit\/cf4-g\/\" \/>\n<meta property=\"og:locale\" content=\"fr_FR\" \/>\n<meta property=\"og:type\" content=\"article\" \/>\n<meta property=\"og:title\" content=\"CF4-G - Tinarelli srl\" \/>\n<meta property=\"og:description\" content=\"Machine de fixation \u00e0 la vapeur pour mi-bas et chaussettes d\u2019enfants\" \/>\n<meta property=\"og:url\" content=\"https:\/\/tinarellisrl.com\/en\/produit\/cf4-g\/\" \/>\n<meta property=\"og:site_name\" content=\"Tinarelli srl\" \/>\n<meta property=\"og:image\" content=\"https:\/\/tinarellisrl.com\/wp-content\/uploads\/2024\/07\/Foto-CF4G-web.webp\" \/>\n\t<meta property=\"og:image:width\" content=\"1024\" \/>\n\t<meta property=\"og:image:height\" content=\"1024\" \/>\n\t<meta property=\"og:image:type\" content=\"image\/webp\" \/>\n<meta name=\"twitter:card\" content=\"summary_large_image\" \/>\n<script type=\"application\/ld+json\" class=\"yoast-schema-graph\">{\"@context\":\"https:\/\/schema.org\",\"@graph\":[{\"@type\":\"WebPage\",\"@id\":\"https:\/\/tinarellisrl.com\/en\/produit\/cf4-g\/\",\"url\":\"https:\/\/tinarellisrl.com\/en\/produit\/cf4-g\/\",\"name\":\"CF4-G - Tinarelli srl\",\"isPartOf\":{\"@id\":\"https:\/\/tinarellisrl.com\/en\/#website\"},\"primaryImageOfPage\":{\"@id\":\"https:\/\/tinarellisrl.com\/en\/produit\/cf4-g\/#primaryimage\"},\"image\":{\"@id\":\"https:\/\/tinarellisrl.com\/en\/produit\/cf4-g\/#primaryimage\"},\"thumbnailUrl\":\"https:\/\/tinarellisrl.com\/wp-content\/uploads\/2024\/07\/Foto-CF4G-web.webp\",\"datePublished\":\"2024-07-04T08:38:24+00:00\",\"breadcrumb\":{\"@id\":\"https:\/\/tinarellisrl.com\/en\/produit\/cf4-g\/#breadcrumb\"},\"inLanguage\":\"fr-FR\",\"potentialAction\":[{\"@type\":\"ReadAction\",\"target\":[\"https:\/\/tinarellisrl.com\/en\/produit\/cf4-g\/\"]}]},{\"@type\":\"ImageObject\",\"inLanguage\":\"fr-FR\",\"@id\":\"https:\/\/tinarellisrl.com\/en\/produit\/cf4-g\/#primaryimage\",\"url\":\"https:\/\/tinarellisrl.com\/wp-content\/uploads\/2024\/07\/Foto-CF4G-web.webp\",\"contentUrl\":\"https:\/\/tinarellisrl.com\/wp-content\/uploads\/2024\/07\/Foto-CF4G-web.webp\",\"width\":1024,\"height\":1024},{\"@type\":\"BreadcrumbList\",\"@id\":\"https:\/\/tinarellisrl.com\/en\/produit\/cf4-g\/#breadcrumb\",\"itemListElement\":[{\"@type\":\"ListItem\",\"position\":1,\"name\":\"Home\",\"item\":\"https:\/\/tinarellisrl.com\/en\/\"},{\"@type\":\"ListItem\",\"position\":2,\"name\":\"Products\",\"item\":\"https:\/\/tinarellisrl.com\/en\/shop\/\"},{\"@type\":\"ListItem\",\"position\":3,\"name\":\"CF4-G\"}]},{\"@type\":\"WebSite\",\"@id\":\"https:\/\/tinarellisrl.com\/en\/#website\",\"url\":\"https:\/\/tinarellisrl.com\/en\/\",\"name\":\"Tinarelli srl\",\"description\":\"\",\"publisher\":{\"@id\":\"https:\/\/tinarellisrl.com\/en\/#organization\"},\"potentialAction\":[{\"@type\":\"SearchAction\",\"target\":{\"@type\":\"EntryPoint\",\"urlTemplate\":\"https:\/\/tinarellisrl.com\/en\/?s={search_term_string}\"},\"query-input\":{\"@type\":\"PropertyValueSpecification\",\"valueRequired\":true,\"valueName\":\"search_term_string\"}}],\"inLanguage\":\"fr-FR\"},{\"@type\":\"Organization\",\"@id\":\"https:\/\/tinarellisrl.com\/en\/#organization\",\"name\":\"Tinarelli srl\",\"url\":\"https:\/\/tinarellisrl.com\/en\/\",\"logo\":{\"@type\":\"ImageObject\",\"inLanguage\":\"fr-FR\",\"@id\":\"https:\/\/tinarellisrl.com\/en\/#\/schema\/logo\/image\/\",\"url\":\"https:\/\/tinarellisrl.com\/wp-content\/uploads\/2024\/05\/tinarelli-logo_blu.webp\",\"contentUrl\":\"https:\/\/tinarellisrl.com\/wp-content\/uploads\/2024\/05\/tinarelli-logo_blu.webp\",\"width\":250,\"height\":78,\"caption\":\"Tinarelli srl\"},\"image\":{\"@id\":\"https:\/\/tinarellisrl.com\/en\/#\/schema\/logo\/image\/\"}}]}<\/script>\n<!-- \/ Yoast SEO plugin. -->","yoast_head_json":{"title":"CF4-G - Tinarelli srl","robots":{"index":"index","follow":"follow","max-snippet":"max-snippet:-1","max-image-preview":"max-image-preview:large","max-video-preview":"max-video-preview:-1"},"canonical":"https:\/\/tinarellisrl.com\/en\/produit\/cf4-g\/","og_locale":"fr_FR","og_type":"article","og_title":"CF4-G - Tinarelli srl","og_description":"Machine de fixation \u00e0 la vapeur pour mi-bas et chaussettes d\u2019enfants","og_url":"https:\/\/tinarellisrl.com\/en\/produit\/cf4-g\/","og_site_name":"Tinarelli srl","og_image":[{"width":1024,"height":1024,"url":"https:\/\/tinarellisrl.com\/wp-content\/uploads\/2024\/07\/Foto-CF4G-web.webp","type":"image\/webp"}],"twitter_card":"summary_large_image","schema":{"@context":"https:\/\/schema.org","@graph":[{"@type":"WebPage","@id":"https:\/\/tinarellisrl.com\/en\/produit\/cf4-g\/","url":"https:\/\/tinarellisrl.com\/en\/produit\/cf4-g\/","name":"CF4-G - Tinarelli srl","isPartOf":{"@id":"https:\/\/tinarellisrl.com\/en\/#website"},"primaryImageOfPage":{"@id":"https:\/\/tinarellisrl.com\/en\/produit\/cf4-g\/#primaryimage"},"image":{"@id":"https:\/\/tinarellisrl.com\/en\/produit\/cf4-g\/#primaryimage"},"thumbnailUrl":"https:\/\/tinarellisrl.com\/wp-content\/uploads\/2024\/07\/Foto-CF4G-web.webp","datePublished":"2024-07-04T08:38:24+00:00","breadcrumb":{"@id":"https:\/\/tinarellisrl.com\/en\/produit\/cf4-g\/#breadcrumb"},"inLanguage":"fr-FR","potentialAction":[{"@type":"ReadAction","target":["https:\/\/tinarellisrl.com\/en\/produit\/cf4-g\/"]}]},{"@type":"ImageObject","inLanguage":"fr-FR","@id":"https:\/\/tinarellisrl.com\/en\/produit\/cf4-g\/#primaryimage","url":"https:\/\/tinarellisrl.com\/wp-content\/uploads\/2024\/07\/Foto-CF4G-web.webp","contentUrl":"https:\/\/tinarellisrl.com\/wp-content\/uploads\/2024\/07\/Foto-CF4G-web.webp","width":1024,"height":1024},{"@type":"BreadcrumbList","@id":"https:\/\/tinarellisrl.com\/en\/produit\/cf4-g\/#breadcrumb","itemListElement":[{"@type":"ListItem","position":1,"name":"Home","item":"https:\/\/tinarellisrl.com\/en\/"},{"@type":"ListItem","position":2,"name":"Products","item":"https:\/\/tinarellisrl.com\/en\/shop\/"},{"@type":"ListItem","position":3,"name":"CF4-G"}]},{"@type":"WebSite","@id":"https:\/\/tinarellisrl.com\/en\/#website","url":"https:\/\/tinarellisrl.com\/en\/","name":"Tinarelli srl","description":"","publisher":{"@id":"https:\/\/tinarellisrl.com\/en\/#organization"},"potentialAction":[{"@type":"SearchAction","target":{"@type":"EntryPoint","urlTemplate":"https:\/\/tinarellisrl.com\/en\/?s={search_term_string}"},"query-input":{"@type":"PropertyValueSpecification","valueRequired":true,"valueName":"search_term_string"}}],"inLanguage":"fr-FR"},{"@type":"Organization","@id":"https:\/\/tinarellisrl.com\/en\/#organization","name":"Tinarelli srl","url":"https:\/\/tinarellisrl.com\/en\/","logo":{"@type":"ImageObject","inLanguage":"fr-FR","@id":"https:\/\/tinarellisrl.com\/en\/#\/schema\/logo\/image\/","url":"https:\/\/tinarellisrl.com\/wp-content\/uploads\/2024\/05\/tinarelli-logo_blu.webp","contentUrl":"https:\/\/tinarellisrl.com\/wp-content\/uploads\/2024\/05\/tinarelli-logo_blu.webp","width":250,"height":78,"caption":"Tinarelli srl"},"image":{"@id":"https:\/\/tinarellisrl.com\/en\/#\/schema\/logo\/image\/"}}]}},"_links":{"self":[{"href":"https:\/\/tinarellisrl.com\/fr\/wp-json\/wp\/v2\/product\/1734","targetHints":{"allow":["GET"]}}],"collection":[{"href":"https:\/\/tinarellisrl.com\/fr\/wp-json\/wp\/v2\/product"}],"about":[{"href":"https:\/\/tinarellisrl.com\/fr\/wp-json\/wp\/v2\/types\/product"}],"replies":[{"embeddable":true,"href":"https:\/\/tinarellisrl.com\/fr\/wp-json\/wp\/v2\/comments?post=1734"}],"wp:featuredmedia":[{"embeddable":true,"href":"https:\/\/tinarellisrl.com\/fr\/wp-json\/wp\/v2\/media\/765"}],"wp:attachment":[{"href":"https:\/\/tinarellisrl.com\/fr\/wp-json\/wp\/v2\/media?parent=1734"}],"wp:term":[{"taxonomy":"product_brand","embeddable":true,"href":"https:\/\/tinarellisrl.com\/fr\/wp-json\/wp\/v2\/product_brand?post=1734"},{"taxonomy":"product_cat","embeddable":true,"href":"https:\/\/tinarellisrl.com\/fr\/wp-json\/wp\/v2\/product_cat?post=1734"},{"taxonomy":"product_tag","embeddable":true,"href":"https:\/\/tinarellisrl.com\/fr\/wp-json\/wp\/v2\/product_tag?post=1734"}],"curies":[{"name":"wp","href":"https:\/\/api.w.org\/{rel}","templated":true}]}}