{"id":1738,"date":"2024-07-04T11:04:10","date_gmt":"2024-07-04T09:04:10","guid":{"rendered":"https:\/\/tinarellisrl.com\/product\/cs2\/"},"modified":"2024-07-04T11:04:10","modified_gmt":"2024-07-04T09:04:10","slug":"cs2","status":"publish","type":"product","link":"https:\/\/tinarellisrl.com\/fr\/produit\/cs2\/","title":{"rendered":"CS2"},"content":{"rendered":"<p>La machine est livr\u00e9e avec 6 jeux de formes. Chargement manuel du produit. Formes \u00e0 fil avec inspection lumineuse. 3 stations de repassage chauffantes \u00e0 <strong>r\u00e9sistance \u00e9lectrique<\/strong>, sans vapeur. Taille maximale du collant : 1050 mm. Vitesse maximale du cycle : 4 secondes. Unit\u00e9s en option :<\/p>\n<ul>\n<li>Aspiration des pointes sur station de chargement<\/li>\n<li>Panier programmable pour la r\u00e9cup\u00e9ration des collants<\/li>\n<\/ul>\n","protected":false},"excerpt":{"rendered":"<p>Machine \u00e0 repasser pour collants et mi-bas<\/p>\n","protected":false},"featured_media":786,"comment_status":"open","ping_status":"closed","template":"","meta":[],"product_brand":[],"product_cat":[112],"product_tag":[],"class_list":{"0":"post-1738","1":"product","2":"type-product","3":"status-publish","4":"has-post-thumbnail","6":"product_cat-hosiery-and-underwear-fr","8":"first","9":"instock","10":"shipping-taxable","11":"product-type-simple"},"yoast_head":"<!-- This site is optimized with the Yoast SEO plugin v26.7 - https:\/\/yoast.com\/wordpress\/plugins\/seo\/ -->\n<title>CS2 - Tinarelli srl<\/title>\n<meta name=\"robots\" content=\"index, follow, max-snippet:-1, max-image-preview:large, max-video-preview:-1\" \/>\n<link rel=\"canonical\" href=\"https:\/\/tinarellisrl.com\/en\/produit\/cs2\/\" \/>\n<meta property=\"og:locale\" content=\"fr_FR\" \/>\n<meta property=\"og:type\" content=\"article\" \/>\n<meta property=\"og:title\" content=\"CS2 - Tinarelli srl\" \/>\n<meta property=\"og:description\" content=\"Machine \u00e0 repasser pour collants et mi-bas\" \/>\n<meta property=\"og:url\" content=\"https:\/\/tinarellisrl.com\/en\/produit\/cs2\/\" \/>\n<meta property=\"og:site_name\" content=\"Tinarelli srl\" \/>\n<meta property=\"og:image\" content=\"https:\/\/tinarellisrl.com\/wp-content\/uploads\/2024\/07\/CS2.webp\" \/>\n\t<meta property=\"og:image:width\" content=\"1024\" \/>\n\t<meta property=\"og:image:height\" content=\"1024\" \/>\n\t<meta property=\"og:image:type\" content=\"image\/webp\" \/>\n<meta name=\"twitter:card\" content=\"summary_large_image\" \/>\n<script type=\"application\/ld+json\" class=\"yoast-schema-graph\">{\"@context\":\"https:\/\/schema.org\",\"@graph\":[{\"@type\":\"WebPage\",\"@id\":\"https:\/\/tinarellisrl.com\/en\/produit\/cs2\/\",\"url\":\"https:\/\/tinarellisrl.com\/en\/produit\/cs2\/\",\"name\":\"CS2 - Tinarelli srl\",\"isPartOf\":{\"@id\":\"https:\/\/tinarellisrl.com\/en\/#website\"},\"primaryImageOfPage\":{\"@id\":\"https:\/\/tinarellisrl.com\/en\/produit\/cs2\/#primaryimage\"},\"image\":{\"@id\":\"https:\/\/tinarellisrl.com\/en\/produit\/cs2\/#primaryimage\"},\"thumbnailUrl\":\"https:\/\/tinarellisrl.com\/wp-content\/uploads\/2024\/07\/CS2.webp\",\"datePublished\":\"2024-07-04T09:04:10+00:00\",\"breadcrumb\":{\"@id\":\"https:\/\/tinarellisrl.com\/en\/produit\/cs2\/#breadcrumb\"},\"inLanguage\":\"fr-FR\",\"potentialAction\":[{\"@type\":\"ReadAction\",\"target\":[\"https:\/\/tinarellisrl.com\/en\/produit\/cs2\/\"]}]},{\"@type\":\"ImageObject\",\"inLanguage\":\"fr-FR\",\"@id\":\"https:\/\/tinarellisrl.com\/en\/produit\/cs2\/#primaryimage\",\"url\":\"https:\/\/tinarellisrl.com\/wp-content\/uploads\/2024\/07\/CS2.webp\",\"contentUrl\":\"https:\/\/tinarellisrl.com\/wp-content\/uploads\/2024\/07\/CS2.webp\",\"width\":1024,\"height\":1024},{\"@type\":\"BreadcrumbList\",\"@id\":\"https:\/\/tinarellisrl.com\/en\/produit\/cs2\/#breadcrumb\",\"itemListElement\":[{\"@type\":\"ListItem\",\"position\":1,\"name\":\"Home\",\"item\":\"https:\/\/tinarellisrl.com\/en\/\"},{\"@type\":\"ListItem\",\"position\":2,\"name\":\"Products\",\"item\":\"https:\/\/tinarellisrl.com\/en\/shop\/\"},{\"@type\":\"ListItem\",\"position\":3,\"name\":\"CS2\"}]},{\"@type\":\"WebSite\",\"@id\":\"https:\/\/tinarellisrl.com\/en\/#website\",\"url\":\"https:\/\/tinarellisrl.com\/en\/\",\"name\":\"Tinarelli srl\",\"description\":\"\",\"publisher\":{\"@id\":\"https:\/\/tinarellisrl.com\/en\/#organization\"},\"potentialAction\":[{\"@type\":\"SearchAction\",\"target\":{\"@type\":\"EntryPoint\",\"urlTemplate\":\"https:\/\/tinarellisrl.com\/en\/?s={search_term_string}\"},\"query-input\":{\"@type\":\"PropertyValueSpecification\",\"valueRequired\":true,\"valueName\":\"search_term_string\"}}],\"inLanguage\":\"fr-FR\"},{\"@type\":\"Organization\",\"@id\":\"https:\/\/tinarellisrl.com\/en\/#organization\",\"name\":\"Tinarelli srl\",\"url\":\"https:\/\/tinarellisrl.com\/en\/\",\"logo\":{\"@type\":\"ImageObject\",\"inLanguage\":\"fr-FR\",\"@id\":\"https:\/\/tinarellisrl.com\/en\/#\/schema\/logo\/image\/\",\"url\":\"https:\/\/tinarellisrl.com\/wp-content\/uploads\/2024\/05\/tinarelli-logo_blu.webp\",\"contentUrl\":\"https:\/\/tinarellisrl.com\/wp-content\/uploads\/2024\/05\/tinarelli-logo_blu.webp\",\"width\":250,\"height\":78,\"caption\":\"Tinarelli srl\"},\"image\":{\"@id\":\"https:\/\/tinarellisrl.com\/en\/#\/schema\/logo\/image\/\"}}]}<\/script>\n<!-- \/ Yoast SEO plugin. -->","yoast_head_json":{"title":"CS2 - Tinarelli srl","robots":{"index":"index","follow":"follow","max-snippet":"max-snippet:-1","max-image-preview":"max-image-preview:large","max-video-preview":"max-video-preview:-1"},"canonical":"https:\/\/tinarellisrl.com\/en\/produit\/cs2\/","og_locale":"fr_FR","og_type":"article","og_title":"CS2 - Tinarelli srl","og_description":"Machine \u00e0 repasser pour collants et mi-bas","og_url":"https:\/\/tinarellisrl.com\/en\/produit\/cs2\/","og_site_name":"Tinarelli srl","og_image":[{"width":1024,"height":1024,"url":"https:\/\/tinarellisrl.com\/wp-content\/uploads\/2024\/07\/CS2.webp","type":"image\/webp"}],"twitter_card":"summary_large_image","schema":{"@context":"https:\/\/schema.org","@graph":[{"@type":"WebPage","@id":"https:\/\/tinarellisrl.com\/en\/produit\/cs2\/","url":"https:\/\/tinarellisrl.com\/en\/produit\/cs2\/","name":"CS2 - Tinarelli srl","isPartOf":{"@id":"https:\/\/tinarellisrl.com\/en\/#website"},"primaryImageOfPage":{"@id":"https:\/\/tinarellisrl.com\/en\/produit\/cs2\/#primaryimage"},"image":{"@id":"https:\/\/tinarellisrl.com\/en\/produit\/cs2\/#primaryimage"},"thumbnailUrl":"https:\/\/tinarellisrl.com\/wp-content\/uploads\/2024\/07\/CS2.webp","datePublished":"2024-07-04T09:04:10+00:00","breadcrumb":{"@id":"https:\/\/tinarellisrl.com\/en\/produit\/cs2\/#breadcrumb"},"inLanguage":"fr-FR","potentialAction":[{"@type":"ReadAction","target":["https:\/\/tinarellisrl.com\/en\/produit\/cs2\/"]}]},{"@type":"ImageObject","inLanguage":"fr-FR","@id":"https:\/\/tinarellisrl.com\/en\/produit\/cs2\/#primaryimage","url":"https:\/\/tinarellisrl.com\/wp-content\/uploads\/2024\/07\/CS2.webp","contentUrl":"https:\/\/tinarellisrl.com\/wp-content\/uploads\/2024\/07\/CS2.webp","width":1024,"height":1024},{"@type":"BreadcrumbList","@id":"https:\/\/tinarellisrl.com\/en\/produit\/cs2\/#breadcrumb","itemListElement":[{"@type":"ListItem","position":1,"name":"Home","item":"https:\/\/tinarellisrl.com\/en\/"},{"@type":"ListItem","position":2,"name":"Products","item":"https:\/\/tinarellisrl.com\/en\/shop\/"},{"@type":"ListItem","position":3,"name":"CS2"}]},{"@type":"WebSite","@id":"https:\/\/tinarellisrl.com\/en\/#website","url":"https:\/\/tinarellisrl.com\/en\/","name":"Tinarelli srl","description":"","publisher":{"@id":"https:\/\/tinarellisrl.com\/en\/#organization"},"potentialAction":[{"@type":"SearchAction","target":{"@type":"EntryPoint","urlTemplate":"https:\/\/tinarellisrl.com\/en\/?s={search_term_string}"},"query-input":{"@type":"PropertyValueSpecification","valueRequired":true,"valueName":"search_term_string"}}],"inLanguage":"fr-FR"},{"@type":"Organization","@id":"https:\/\/tinarellisrl.com\/en\/#organization","name":"Tinarelli srl","url":"https:\/\/tinarellisrl.com\/en\/","logo":{"@type":"ImageObject","inLanguage":"fr-FR","@id":"https:\/\/tinarellisrl.com\/en\/#\/schema\/logo\/image\/","url":"https:\/\/tinarellisrl.com\/wp-content\/uploads\/2024\/05\/tinarelli-logo_blu.webp","contentUrl":"https:\/\/tinarellisrl.com\/wp-content\/uploads\/2024\/05\/tinarelli-logo_blu.webp","width":250,"height":78,"caption":"Tinarelli srl"},"image":{"@id":"https:\/\/tinarellisrl.com\/en\/#\/schema\/logo\/image\/"}}]}},"_links":{"self":[{"href":"https:\/\/tinarellisrl.com\/fr\/wp-json\/wp\/v2\/product\/1738","targetHints":{"allow":["GET"]}}],"collection":[{"href":"https:\/\/tinarellisrl.com\/fr\/wp-json\/wp\/v2\/product"}],"about":[{"href":"https:\/\/tinarellisrl.com\/fr\/wp-json\/wp\/v2\/types\/product"}],"replies":[{"embeddable":true,"href":"https:\/\/tinarellisrl.com\/fr\/wp-json\/wp\/v2\/comments?post=1738"}],"wp:featuredmedia":[{"embeddable":true,"href":"https:\/\/tinarellisrl.com\/fr\/wp-json\/wp\/v2\/media\/786"}],"wp:attachment":[{"href":"https:\/\/tinarellisrl.com\/fr\/wp-json\/wp\/v2\/media?parent=1738"}],"wp:term":[{"taxonomy":"product_brand","embeddable":true,"href":"https:\/\/tinarellisrl.com\/fr\/wp-json\/wp\/v2\/product_brand?post=1738"},{"taxonomy":"product_cat","embeddable":true,"href":"https:\/\/tinarellisrl.com\/fr\/wp-json\/wp\/v2\/product_cat?post=1738"},{"taxonomy":"product_tag","embeddable":true,"href":"https:\/\/tinarellisrl.com\/fr\/wp-json\/wp\/v2\/product_tag?post=1738"}],"curies":[{"name":"wp","href":"https:\/\/api.w.org\/{rel}","templated":true}]}}