{"id":1746,"date":"2024-07-04T12:30:06","date_gmt":"2024-07-04T10:30:06","guid":{"rendered":"https:\/\/tinarellisrl.com\/product\/micropack-sl-g\/"},"modified":"2024-07-04T12:30:06","modified_gmt":"2024-07-04T10:30:06","slug":"micropack-sl-g","status":"publish","type":"product","link":"https:\/\/tinarellisrl.com\/fr\/produit\/micropack-sl-g\/","title":{"rendered":"MICROPACK SL-G"},"content":{"rendered":"<p>La machine peut traiter des conditionnements individuels ou multiples. Le produit est charg\u00e9 manuellement par l\u2019op\u00e9rateur, directement dans les alv\u00e9oles positionn\u00e9es sur une courroie \u00e0 mouvement cadenc\u00e9. Zone de chargement pr\u00e9vue pour 2 op\u00e9rateurs. Machine enti\u00e8rement r\u00e9glable, changement de format simple et rapide, aucun changement de pi\u00e8ce n\u2019est n\u00e9cessaire.<\/p>\n<p><strong>Version automatique sp\u00e9ciale avec pliage automatique du produit et introduction dans l\u2019\u00e9tui.<\/strong><\/p>\n<ul>\n<li>La machine peut \u00eatre charg\u00e9e automatiquement (en combinaison avec une machine de fixation) ou manuellement par un op\u00e9rateur.<\/li>\n<li>Longueur du pli programmable automatiquement, en fonction du type de produit \u00e0 conditionner.<\/li>\n<li>Possibilit\u00e9 de traiter des \u00e9tuis avec ou sans carton int\u00e9rieur.<\/li>\n<\/ul>\n<p>Vitesse maximum : 40 \/ 50 \u00e9tuis\/minute en fonction du produit \u00e0 conditionner.<\/p>\n","protected":false},"excerpt":{"rendered":"<p>\u00c9tuyeuse pour mi-bas pli\u00e9s ou bas.<\/p>\n","protected":false},"featured_media":875,"comment_status":"open","ping_status":"closed","template":"","meta":[],"product_brand":[],"product_cat":[112],"product_tag":[],"class_list":{"0":"post-1746","1":"product","2":"type-product","3":"status-publish","4":"has-post-thumbnail","6":"product_cat-hosiery-and-underwear-fr","8":"first","9":"instock","10":"shipping-taxable","11":"product-type-simple"},"yoast_head":"<!-- This site is optimized with the Yoast SEO plugin v26.7 - https:\/\/yoast.com\/wordpress\/plugins\/seo\/ -->\n<title>MICROPACK SL-G - Tinarelli srl<\/title>\n<meta name=\"robots\" content=\"index, follow, max-snippet:-1, max-image-preview:large, max-video-preview:-1\" \/>\n<link rel=\"canonical\" href=\"https:\/\/tinarellisrl.com\/en\/produit\/micropack-sl-g\/\" \/>\n<meta property=\"og:locale\" content=\"fr_FR\" \/>\n<meta property=\"og:type\" content=\"article\" \/>\n<meta property=\"og:title\" content=\"MICROPACK SL-G - Tinarelli srl\" \/>\n<meta property=\"og:description\" content=\"\u00c9tuyeuse pour mi-bas pli\u00e9s ou bas.\" \/>\n<meta property=\"og:url\" content=\"https:\/\/tinarellisrl.com\/en\/produit\/micropack-sl-g\/\" \/>\n<meta property=\"og:site_name\" content=\"Tinarelli srl\" \/>\n<meta property=\"og:image\" content=\"https:\/\/tinarellisrl.com\/wp-content\/uploads\/2024\/07\/MICROPACK-SL-G-square.webp\" \/>\n\t<meta property=\"og:image:width\" content=\"1024\" \/>\n\t<meta property=\"og:image:height\" content=\"1024\" \/>\n\t<meta property=\"og:image:type\" content=\"image\/webp\" \/>\n<meta name=\"twitter:card\" content=\"summary_large_image\" \/>\n<meta name=\"twitter:label1\" content=\"Dur\u00e9e de lecture estim\u00e9e\" \/>\n\t<meta name=\"twitter:data1\" content=\"1 minute\" \/>\n<script type=\"application\/ld+json\" class=\"yoast-schema-graph\">{\"@context\":\"https:\/\/schema.org\",\"@graph\":[{\"@type\":\"WebPage\",\"@id\":\"https:\/\/tinarellisrl.com\/en\/produit\/micropack-sl-g\/\",\"url\":\"https:\/\/tinarellisrl.com\/en\/produit\/micropack-sl-g\/\",\"name\":\"MICROPACK SL-G - Tinarelli srl\",\"isPartOf\":{\"@id\":\"https:\/\/tinarellisrl.com\/en\/#website\"},\"primaryImageOfPage\":{\"@id\":\"https:\/\/tinarellisrl.com\/en\/produit\/micropack-sl-g\/#primaryimage\"},\"image\":{\"@id\":\"https:\/\/tinarellisrl.com\/en\/produit\/micropack-sl-g\/#primaryimage\"},\"thumbnailUrl\":\"https:\/\/tinarellisrl.com\/wp-content\/uploads\/2024\/07\/MICROPACK-SL-G-square.webp\",\"datePublished\":\"2024-07-04T10:30:06+00:00\",\"breadcrumb\":{\"@id\":\"https:\/\/tinarellisrl.com\/en\/produit\/micropack-sl-g\/#breadcrumb\"},\"inLanguage\":\"fr-FR\",\"potentialAction\":[{\"@type\":\"ReadAction\",\"target\":[\"https:\/\/tinarellisrl.com\/en\/produit\/micropack-sl-g\/\"]}]},{\"@type\":\"ImageObject\",\"inLanguage\":\"fr-FR\",\"@id\":\"https:\/\/tinarellisrl.com\/en\/produit\/micropack-sl-g\/#primaryimage\",\"url\":\"https:\/\/tinarellisrl.com\/wp-content\/uploads\/2024\/07\/MICROPACK-SL-G-square.webp\",\"contentUrl\":\"https:\/\/tinarellisrl.com\/wp-content\/uploads\/2024\/07\/MICROPACK-SL-G-square.webp\",\"width\":1024,\"height\":1024},{\"@type\":\"BreadcrumbList\",\"@id\":\"https:\/\/tinarellisrl.com\/en\/produit\/micropack-sl-g\/#breadcrumb\",\"itemListElement\":[{\"@type\":\"ListItem\",\"position\":1,\"name\":\"Home\",\"item\":\"https:\/\/tinarellisrl.com\/en\/\"},{\"@type\":\"ListItem\",\"position\":2,\"name\":\"Products\",\"item\":\"https:\/\/tinarellisrl.com\/en\/shop\/\"},{\"@type\":\"ListItem\",\"position\":3,\"name\":\"MICROPACK SL-G\"}]},{\"@type\":\"WebSite\",\"@id\":\"https:\/\/tinarellisrl.com\/en\/#website\",\"url\":\"https:\/\/tinarellisrl.com\/en\/\",\"name\":\"Tinarelli srl\",\"description\":\"\",\"publisher\":{\"@id\":\"https:\/\/tinarellisrl.com\/en\/#organization\"},\"potentialAction\":[{\"@type\":\"SearchAction\",\"target\":{\"@type\":\"EntryPoint\",\"urlTemplate\":\"https:\/\/tinarellisrl.com\/en\/?s={search_term_string}\"},\"query-input\":{\"@type\":\"PropertyValueSpecification\",\"valueRequired\":true,\"valueName\":\"search_term_string\"}}],\"inLanguage\":\"fr-FR\"},{\"@type\":\"Organization\",\"@id\":\"https:\/\/tinarellisrl.com\/en\/#organization\",\"name\":\"Tinarelli srl\",\"url\":\"https:\/\/tinarellisrl.com\/en\/\",\"logo\":{\"@type\":\"ImageObject\",\"inLanguage\":\"fr-FR\",\"@id\":\"https:\/\/tinarellisrl.com\/en\/#\/schema\/logo\/image\/\",\"url\":\"https:\/\/tinarellisrl.com\/wp-content\/uploads\/2024\/05\/tinarelli-logo_blu.webp\",\"contentUrl\":\"https:\/\/tinarellisrl.com\/wp-content\/uploads\/2024\/05\/tinarelli-logo_blu.webp\",\"width\":250,\"height\":78,\"caption\":\"Tinarelli srl\"},\"image\":{\"@id\":\"https:\/\/tinarellisrl.com\/en\/#\/schema\/logo\/image\/\"}}]}<\/script>\n<!-- \/ Yoast SEO plugin. -->","yoast_head_json":{"title":"MICROPACK SL-G - Tinarelli srl","robots":{"index":"index","follow":"follow","max-snippet":"max-snippet:-1","max-image-preview":"max-image-preview:large","max-video-preview":"max-video-preview:-1"},"canonical":"https:\/\/tinarellisrl.com\/en\/produit\/micropack-sl-g\/","og_locale":"fr_FR","og_type":"article","og_title":"MICROPACK SL-G - Tinarelli srl","og_description":"\u00c9tuyeuse pour mi-bas pli\u00e9s ou bas.","og_url":"https:\/\/tinarellisrl.com\/en\/produit\/micropack-sl-g\/","og_site_name":"Tinarelli srl","og_image":[{"width":1024,"height":1024,"url":"https:\/\/tinarellisrl.com\/wp-content\/uploads\/2024\/07\/MICROPACK-SL-G-square.webp","type":"image\/webp"}],"twitter_card":"summary_large_image","twitter_misc":{"Dur\u00e9e de lecture estim\u00e9e":"1 minute"},"schema":{"@context":"https:\/\/schema.org","@graph":[{"@type":"WebPage","@id":"https:\/\/tinarellisrl.com\/en\/produit\/micropack-sl-g\/","url":"https:\/\/tinarellisrl.com\/en\/produit\/micropack-sl-g\/","name":"MICROPACK SL-G - Tinarelli srl","isPartOf":{"@id":"https:\/\/tinarellisrl.com\/en\/#website"},"primaryImageOfPage":{"@id":"https:\/\/tinarellisrl.com\/en\/produit\/micropack-sl-g\/#primaryimage"},"image":{"@id":"https:\/\/tinarellisrl.com\/en\/produit\/micropack-sl-g\/#primaryimage"},"thumbnailUrl":"https:\/\/tinarellisrl.com\/wp-content\/uploads\/2024\/07\/MICROPACK-SL-G-square.webp","datePublished":"2024-07-04T10:30:06+00:00","breadcrumb":{"@id":"https:\/\/tinarellisrl.com\/en\/produit\/micropack-sl-g\/#breadcrumb"},"inLanguage":"fr-FR","potentialAction":[{"@type":"ReadAction","target":["https:\/\/tinarellisrl.com\/en\/produit\/micropack-sl-g\/"]}]},{"@type":"ImageObject","inLanguage":"fr-FR","@id":"https:\/\/tinarellisrl.com\/en\/produit\/micropack-sl-g\/#primaryimage","url":"https:\/\/tinarellisrl.com\/wp-content\/uploads\/2024\/07\/MICROPACK-SL-G-square.webp","contentUrl":"https:\/\/tinarellisrl.com\/wp-content\/uploads\/2024\/07\/MICROPACK-SL-G-square.webp","width":1024,"height":1024},{"@type":"BreadcrumbList","@id":"https:\/\/tinarellisrl.com\/en\/produit\/micropack-sl-g\/#breadcrumb","itemListElement":[{"@type":"ListItem","position":1,"name":"Home","item":"https:\/\/tinarellisrl.com\/en\/"},{"@type":"ListItem","position":2,"name":"Products","item":"https:\/\/tinarellisrl.com\/en\/shop\/"},{"@type":"ListItem","position":3,"name":"MICROPACK SL-G"}]},{"@type":"WebSite","@id":"https:\/\/tinarellisrl.com\/en\/#website","url":"https:\/\/tinarellisrl.com\/en\/","name":"Tinarelli srl","description":"","publisher":{"@id":"https:\/\/tinarellisrl.com\/en\/#organization"},"potentialAction":[{"@type":"SearchAction","target":{"@type":"EntryPoint","urlTemplate":"https:\/\/tinarellisrl.com\/en\/?s={search_term_string}"},"query-input":{"@type":"PropertyValueSpecification","valueRequired":true,"valueName":"search_term_string"}}],"inLanguage":"fr-FR"},{"@type":"Organization","@id":"https:\/\/tinarellisrl.com\/en\/#organization","name":"Tinarelli srl","url":"https:\/\/tinarellisrl.com\/en\/","logo":{"@type":"ImageObject","inLanguage":"fr-FR","@id":"https:\/\/tinarellisrl.com\/en\/#\/schema\/logo\/image\/","url":"https:\/\/tinarellisrl.com\/wp-content\/uploads\/2024\/05\/tinarelli-logo_blu.webp","contentUrl":"https:\/\/tinarellisrl.com\/wp-content\/uploads\/2024\/05\/tinarelli-logo_blu.webp","width":250,"height":78,"caption":"Tinarelli srl"},"image":{"@id":"https:\/\/tinarellisrl.com\/en\/#\/schema\/logo\/image\/"}}]}},"_links":{"self":[{"href":"https:\/\/tinarellisrl.com\/fr\/wp-json\/wp\/v2\/product\/1746","targetHints":{"allow":["GET"]}}],"collection":[{"href":"https:\/\/tinarellisrl.com\/fr\/wp-json\/wp\/v2\/product"}],"about":[{"href":"https:\/\/tinarellisrl.com\/fr\/wp-json\/wp\/v2\/types\/product"}],"replies":[{"embeddable":true,"href":"https:\/\/tinarellisrl.com\/fr\/wp-json\/wp\/v2\/comments?post=1746"}],"wp:featuredmedia":[{"embeddable":true,"href":"https:\/\/tinarellisrl.com\/fr\/wp-json\/wp\/v2\/media\/875"}],"wp:attachment":[{"href":"https:\/\/tinarellisrl.com\/fr\/wp-json\/wp\/v2\/media?parent=1746"}],"wp:term":[{"taxonomy":"product_brand","embeddable":true,"href":"https:\/\/tinarellisrl.com\/fr\/wp-json\/wp\/v2\/product_brand?post=1746"},{"taxonomy":"product_cat","embeddable":true,"href":"https:\/\/tinarellisrl.com\/fr\/wp-json\/wp\/v2\/product_cat?post=1746"},{"taxonomy":"product_tag","embeddable":true,"href":"https:\/\/tinarellisrl.com\/fr\/wp-json\/wp\/v2\/product_tag?post=1746"}],"curies":[{"name":"wp","href":"https:\/\/api.w.org\/{rel}","templated":true}]}}