{"id":1751,"date":"2024-07-04T17:19:04","date_gmt":"2024-07-04T15:19:04","guid":{"rendered":"https:\/\/tinarellisrl.com\/product\/hc20c\/"},"modified":"2024-07-04T17:19:04","modified_gmt":"2024-07-04T15:19:04","slug":"hc20c","status":"publish","type":"product","link":"https:\/\/tinarellisrl.com\/fr\/produit\/hc20c\/","title":{"rendered":"HC20C"},"content":{"rendered":"<p>\u00c9tuyeuse horizontale pour le conditionnement de capsules de caf\u00e9 en plastique, en aluminium ou compostables. La machine peut conditionner des \u00e9tuis pr\u00e9-coll\u00e9s. Fermeture du rabat avec colle \u00e0 chaud. Alimentation automatique avec d\u2019autres machines de remplissage &#8211; scellage de capsules ou avec un groupe d\u2019alimentation vibrant. Machine \u00e0 mouvements altern\u00e9s avec structure \u00e0 balcon qui assure une accessibilit\u00e9 optimale pour les r\u00e9glages et les op\u00e9rations de nettoyage. Machine enti\u00e8rement m\u00e9canique pour minimiser l\u2019entretien.<\/p>\n<p>Possibilit\u00e9 de conditionner les capsules dans diff\u00e9rentes configurations qu\u2019il est possible de combiner.<\/p>\n<p>Le changement de format est tr\u00e8s facile et rapide gr\u00e2ce aux r\u00e9glages effectu\u00e9s \u00e0 l\u2019aide d\u2019indicateurs. Aucun outil n\u2019est n\u00e9cessaire pour effectuer le changement de format. La machine est contr\u00f4l\u00e9e par un automate programmable et dispose d\u2019une interface \u00e0 \u00e9cran tactile LCD. Diff\u00e9rents accessoires sont disponibles sur demande comme option. Vitesse maximale d\u2019arriv\u00e9e des capsules : <strong>150\/min<\/strong> Vitesse maximale : <strong>15-20 \u00e9tuis\/minute<\/strong> (en fonction du produit \u00e0 conditionner) <\/p>\n","protected":false},"excerpt":{"rendered":"<p>\u00c9tuyeuse horizontale pour capsules de caf\u00e9<\/p>\n","protected":false},"featured_media":1346,"comment_status":"open","ping_status":"closed","template":"","meta":[],"product_brand":[],"product_cat":[94],"product_tag":[],"class_list":{"0":"post-1751","1":"product","2":"type-product","3":"status-publish","4":"has-post-thumbnail","6":"product_cat-capsules-de-cafe","8":"first","9":"instock","10":"shipping-taxable","11":"product-type-simple"},"yoast_head":"<!-- This site is optimized with the Yoast SEO plugin v26.7 - https:\/\/yoast.com\/wordpress\/plugins\/seo\/ -->\n<title>HC20C - Tinarelli srl<\/title>\n<meta name=\"robots\" content=\"index, follow, max-snippet:-1, max-image-preview:large, max-video-preview:-1\" \/>\n<link rel=\"canonical\" href=\"https:\/\/tinarellisrl.com\/en\/produit\/hc20c\/\" \/>\n<meta property=\"og:locale\" content=\"fr_FR\" \/>\n<meta property=\"og:type\" content=\"article\" \/>\n<meta property=\"og:title\" content=\"HC20C - Tinarelli srl\" \/>\n<meta property=\"og:description\" content=\"\u00c9tuyeuse horizontale pour capsules de caf\u00e9\" \/>\n<meta property=\"og:url\" content=\"https:\/\/tinarellisrl.com\/en\/produit\/hc20c\/\" \/>\n<meta property=\"og:site_name\" content=\"Tinarelli srl\" \/>\n<meta property=\"og:image\" content=\"https:\/\/tinarellisrl.com\/wp-content\/uploads\/2024\/07\/HC20C.webp\" \/>\n\t<meta property=\"og:image:width\" content=\"1024\" \/>\n\t<meta property=\"og:image:height\" content=\"1024\" \/>\n\t<meta property=\"og:image:type\" content=\"image\/webp\" \/>\n<meta name=\"twitter:card\" content=\"summary_large_image\" \/>\n<meta name=\"twitter:label1\" content=\"Dur\u00e9e de lecture estim\u00e9e\" \/>\n\t<meta name=\"twitter:data1\" content=\"1 minute\" \/>\n<script type=\"application\/ld+json\" class=\"yoast-schema-graph\">{\"@context\":\"https:\/\/schema.org\",\"@graph\":[{\"@type\":\"WebPage\",\"@id\":\"https:\/\/tinarellisrl.com\/en\/produit\/hc20c\/\",\"url\":\"https:\/\/tinarellisrl.com\/en\/produit\/hc20c\/\",\"name\":\"HC20C - Tinarelli srl\",\"isPartOf\":{\"@id\":\"https:\/\/tinarellisrl.com\/en\/#website\"},\"primaryImageOfPage\":{\"@id\":\"https:\/\/tinarellisrl.com\/en\/produit\/hc20c\/#primaryimage\"},\"image\":{\"@id\":\"https:\/\/tinarellisrl.com\/en\/produit\/hc20c\/#primaryimage\"},\"thumbnailUrl\":\"https:\/\/tinarellisrl.com\/wp-content\/uploads\/2024\/07\/HC20C.webp\",\"datePublished\":\"2024-07-04T15:19:04+00:00\",\"breadcrumb\":{\"@id\":\"https:\/\/tinarellisrl.com\/en\/produit\/hc20c\/#breadcrumb\"},\"inLanguage\":\"fr-FR\",\"potentialAction\":[{\"@type\":\"ReadAction\",\"target\":[\"https:\/\/tinarellisrl.com\/en\/produit\/hc20c\/\"]}]},{\"@type\":\"ImageObject\",\"inLanguage\":\"fr-FR\",\"@id\":\"https:\/\/tinarellisrl.com\/en\/produit\/hc20c\/#primaryimage\",\"url\":\"https:\/\/tinarellisrl.com\/wp-content\/uploads\/2024\/07\/HC20C.webp\",\"contentUrl\":\"https:\/\/tinarellisrl.com\/wp-content\/uploads\/2024\/07\/HC20C.webp\",\"width\":1024,\"height\":1024},{\"@type\":\"BreadcrumbList\",\"@id\":\"https:\/\/tinarellisrl.com\/en\/produit\/hc20c\/#breadcrumb\",\"itemListElement\":[{\"@type\":\"ListItem\",\"position\":1,\"name\":\"Home\",\"item\":\"https:\/\/tinarellisrl.com\/en\/\"},{\"@type\":\"ListItem\",\"position\":2,\"name\":\"Products\",\"item\":\"https:\/\/tinarellisrl.com\/en\/shop\/\"},{\"@type\":\"ListItem\",\"position\":3,\"name\":\"HC20C\"}]},{\"@type\":\"WebSite\",\"@id\":\"https:\/\/tinarellisrl.com\/en\/#website\",\"url\":\"https:\/\/tinarellisrl.com\/en\/\",\"name\":\"Tinarelli srl\",\"description\":\"\",\"publisher\":{\"@id\":\"https:\/\/tinarellisrl.com\/en\/#organization\"},\"potentialAction\":[{\"@type\":\"SearchAction\",\"target\":{\"@type\":\"EntryPoint\",\"urlTemplate\":\"https:\/\/tinarellisrl.com\/en\/?s={search_term_string}\"},\"query-input\":{\"@type\":\"PropertyValueSpecification\",\"valueRequired\":true,\"valueName\":\"search_term_string\"}}],\"inLanguage\":\"fr-FR\"},{\"@type\":\"Organization\",\"@id\":\"https:\/\/tinarellisrl.com\/en\/#organization\",\"name\":\"Tinarelli srl\",\"url\":\"https:\/\/tinarellisrl.com\/en\/\",\"logo\":{\"@type\":\"ImageObject\",\"inLanguage\":\"fr-FR\",\"@id\":\"https:\/\/tinarellisrl.com\/en\/#\/schema\/logo\/image\/\",\"url\":\"https:\/\/tinarellisrl.com\/wp-content\/uploads\/2024\/05\/tinarelli-logo_blu.webp\",\"contentUrl\":\"https:\/\/tinarellisrl.com\/wp-content\/uploads\/2024\/05\/tinarelli-logo_blu.webp\",\"width\":250,\"height\":78,\"caption\":\"Tinarelli srl\"},\"image\":{\"@id\":\"https:\/\/tinarellisrl.com\/en\/#\/schema\/logo\/image\/\"}}]}<\/script>\n<!-- \/ Yoast SEO plugin. -->","yoast_head_json":{"title":"HC20C - Tinarelli srl","robots":{"index":"index","follow":"follow","max-snippet":"max-snippet:-1","max-image-preview":"max-image-preview:large","max-video-preview":"max-video-preview:-1"},"canonical":"https:\/\/tinarellisrl.com\/en\/produit\/hc20c\/","og_locale":"fr_FR","og_type":"article","og_title":"HC20C - Tinarelli srl","og_description":"\u00c9tuyeuse horizontale pour capsules de caf\u00e9","og_url":"https:\/\/tinarellisrl.com\/en\/produit\/hc20c\/","og_site_name":"Tinarelli srl","og_image":[{"width":1024,"height":1024,"url":"https:\/\/tinarellisrl.com\/wp-content\/uploads\/2024\/07\/HC20C.webp","type":"image\/webp"}],"twitter_card":"summary_large_image","twitter_misc":{"Dur\u00e9e de lecture estim\u00e9e":"1 minute"},"schema":{"@context":"https:\/\/schema.org","@graph":[{"@type":"WebPage","@id":"https:\/\/tinarellisrl.com\/en\/produit\/hc20c\/","url":"https:\/\/tinarellisrl.com\/en\/produit\/hc20c\/","name":"HC20C - Tinarelli srl","isPartOf":{"@id":"https:\/\/tinarellisrl.com\/en\/#website"},"primaryImageOfPage":{"@id":"https:\/\/tinarellisrl.com\/en\/produit\/hc20c\/#primaryimage"},"image":{"@id":"https:\/\/tinarellisrl.com\/en\/produit\/hc20c\/#primaryimage"},"thumbnailUrl":"https:\/\/tinarellisrl.com\/wp-content\/uploads\/2024\/07\/HC20C.webp","datePublished":"2024-07-04T15:19:04+00:00","breadcrumb":{"@id":"https:\/\/tinarellisrl.com\/en\/produit\/hc20c\/#breadcrumb"},"inLanguage":"fr-FR","potentialAction":[{"@type":"ReadAction","target":["https:\/\/tinarellisrl.com\/en\/produit\/hc20c\/"]}]},{"@type":"ImageObject","inLanguage":"fr-FR","@id":"https:\/\/tinarellisrl.com\/en\/produit\/hc20c\/#primaryimage","url":"https:\/\/tinarellisrl.com\/wp-content\/uploads\/2024\/07\/HC20C.webp","contentUrl":"https:\/\/tinarellisrl.com\/wp-content\/uploads\/2024\/07\/HC20C.webp","width":1024,"height":1024},{"@type":"BreadcrumbList","@id":"https:\/\/tinarellisrl.com\/en\/produit\/hc20c\/#breadcrumb","itemListElement":[{"@type":"ListItem","position":1,"name":"Home","item":"https:\/\/tinarellisrl.com\/en\/"},{"@type":"ListItem","position":2,"name":"Products","item":"https:\/\/tinarellisrl.com\/en\/shop\/"},{"@type":"ListItem","position":3,"name":"HC20C"}]},{"@type":"WebSite","@id":"https:\/\/tinarellisrl.com\/en\/#website","url":"https:\/\/tinarellisrl.com\/en\/","name":"Tinarelli srl","description":"","publisher":{"@id":"https:\/\/tinarellisrl.com\/en\/#organization"},"potentialAction":[{"@type":"SearchAction","target":{"@type":"EntryPoint","urlTemplate":"https:\/\/tinarellisrl.com\/en\/?s={search_term_string}"},"query-input":{"@type":"PropertyValueSpecification","valueRequired":true,"valueName":"search_term_string"}}],"inLanguage":"fr-FR"},{"@type":"Organization","@id":"https:\/\/tinarellisrl.com\/en\/#organization","name":"Tinarelli srl","url":"https:\/\/tinarellisrl.com\/en\/","logo":{"@type":"ImageObject","inLanguage":"fr-FR","@id":"https:\/\/tinarellisrl.com\/en\/#\/schema\/logo\/image\/","url":"https:\/\/tinarellisrl.com\/wp-content\/uploads\/2024\/05\/tinarelli-logo_blu.webp","contentUrl":"https:\/\/tinarellisrl.com\/wp-content\/uploads\/2024\/05\/tinarelli-logo_blu.webp","width":250,"height":78,"caption":"Tinarelli srl"},"image":{"@id":"https:\/\/tinarellisrl.com\/en\/#\/schema\/logo\/image\/"}}]}},"_links":{"self":[{"href":"https:\/\/tinarellisrl.com\/fr\/wp-json\/wp\/v2\/product\/1751","targetHints":{"allow":["GET"]}}],"collection":[{"href":"https:\/\/tinarellisrl.com\/fr\/wp-json\/wp\/v2\/product"}],"about":[{"href":"https:\/\/tinarellisrl.com\/fr\/wp-json\/wp\/v2\/types\/product"}],"replies":[{"embeddable":true,"href":"https:\/\/tinarellisrl.com\/fr\/wp-json\/wp\/v2\/comments?post=1751"}],"wp:featuredmedia":[{"embeddable":true,"href":"https:\/\/tinarellisrl.com\/fr\/wp-json\/wp\/v2\/media\/1346"}],"wp:attachment":[{"href":"https:\/\/tinarellisrl.com\/fr\/wp-json\/wp\/v2\/media?parent=1751"}],"wp:term":[{"taxonomy":"product_brand","embeddable":true,"href":"https:\/\/tinarellisrl.com\/fr\/wp-json\/wp\/v2\/product_brand?post=1751"},{"taxonomy":"product_cat","embeddable":true,"href":"https:\/\/tinarellisrl.com\/fr\/wp-json\/wp\/v2\/product_cat?post=1751"},{"taxonomy":"product_tag","embeddable":true,"href":"https:\/\/tinarellisrl.com\/fr\/wp-json\/wp\/v2\/product_tag?post=1751"}],"curies":[{"name":"wp","href":"https:\/\/api.w.org\/{rel}","templated":true}]}}