{"id":1752,"date":"2024-07-04T16:23:14","date_gmt":"2024-07-04T14:23:14","guid":{"rendered":"https:\/\/tinarellisrl.com\/product\/tvl70-2\/"},"modified":"2025-03-07T11:49:55","modified_gmt":"2025-03-07T10:49:55","slug":"tvl70-2","status":"publish","type":"product","link":"https:\/\/tinarellisrl.com\/fr\/produit\/tvl70-2\/","title":{"rendered":"TVL70"},"content":{"rendered":"<p>Encartonneuse lin\u00e9aire, verticale, \u00e0 mouvement intermittent, de type \u00ab\u00a0balcon\u00a0\u00bb pour l&#8217;emballage \u00ab\u00a0al\u00e9atoire\u00a0\u00bb de tous les types de capsules de caf\u00e9 compatibles disponibles sur le march\u00e9 (Nespresso, Dolce Gusto, a Modo Mio, etc.).<\/p>\n<p>Alimentation optionnelle par Pick &amp; Place pour l&#8217;empilage multicouche de 10 &#8211; 15 &#8211; 20 capsules avec feuille intercalaire.<\/p>\n<p>Magasin horizontal de cartons avec une grande autonomie de fonctionnement.<\/p>\n<p>Prise horizontale des cartons, positionnement vertical et ouverture positive des cartons. Le transport des cartons par courroies et le syst\u00e8me de fermeture des rabats sont con\u00e7us pour \u00e9viter tout dommage au carton. <\/p>\n<p>Fermeture du carton par colle Hot Melt.<\/p>\n<p>Application de diff\u00e9rents types de syst\u00e8mes de gaufrage ou d&rsquo;imprimantes.<\/p>\n<p>Sortie des cartons sur une bande \u00e0 mouvement continu avec contr\u00f4le et \u00e9jection des cartons vides.<\/p>\n<p>Changement de taille simple et rapide, dur\u00e9e maximale : 15 minutes.<\/p>\n<p>Vitesse maximale : jusqu&rsquo;\u00e0 70 cartons\/minute, en fonction des produits \u00e0 emballer.<\/p>\n","protected":false},"excerpt":{"rendered":"<p>\u00c9tuyeuse verticale pour capsules de caf\u00e9<\/p>\n","protected":false},"featured_media":1167,"comment_status":"open","ping_status":"closed","template":"","meta":[],"product_brand":[],"product_cat":[94],"product_tag":[],"class_list":{"0":"post-1752","1":"product","2":"type-product","3":"status-publish","4":"has-post-thumbnail","6":"product_cat-capsules-de-cafe","8":"first","9":"instock","10":"shipping-taxable","11":"product-type-simple"},"yoast_head":"<!-- This site is optimized with the Yoast SEO plugin v26.7 - https:\/\/yoast.com\/wordpress\/plugins\/seo\/ -->\n<title>TVL70 - Tinarelli srl<\/title>\n<meta name=\"robots\" content=\"index, follow, max-snippet:-1, max-image-preview:large, max-video-preview:-1\" \/>\n<link rel=\"canonical\" href=\"https:\/\/tinarellisrl.com\/fr\/produit\/tvl70-2\/\" \/>\n<meta property=\"og:locale\" content=\"fr_FR\" \/>\n<meta property=\"og:type\" content=\"article\" \/>\n<meta property=\"og:title\" content=\"TVL70 - Tinarelli srl\" \/>\n<meta property=\"og:description\" content=\"\u00c9tuyeuse verticale pour capsules de caf\u00e9\" \/>\n<meta property=\"og:url\" content=\"https:\/\/tinarellisrl.com\/fr\/produit\/tvl70-2\/\" \/>\n<meta property=\"og:site_name\" content=\"Tinarelli srl\" \/>\n<meta property=\"article:modified_time\" content=\"2025-03-07T10:49:55+00:00\" \/>\n<meta property=\"og:image\" content=\"https:\/\/tinarellisrl.com\/wp-content\/uploads\/2024\/07\/TVL70.webp\" \/>\n\t<meta property=\"og:image:width\" content=\"1024\" \/>\n\t<meta property=\"og:image:height\" content=\"1024\" \/>\n\t<meta property=\"og:image:type\" content=\"image\/webp\" \/>\n<meta name=\"twitter:card\" content=\"summary_large_image\" \/>\n<meta name=\"twitter:label1\" content=\"Dur\u00e9e de lecture estim\u00e9e\" \/>\n\t<meta name=\"twitter:data1\" content=\"1 minute\" \/>\n<script type=\"application\/ld+json\" class=\"yoast-schema-graph\">{\"@context\":\"https:\/\/schema.org\",\"@graph\":[{\"@type\":\"WebPage\",\"@id\":\"https:\/\/tinarellisrl.com\/fr\/produit\/tvl70-2\/\",\"url\":\"https:\/\/tinarellisrl.com\/fr\/produit\/tvl70-2\/\",\"name\":\"TVL70 - Tinarelli srl\",\"isPartOf\":{\"@id\":\"https:\/\/tinarellisrl.com\/en\/#website\"},\"primaryImageOfPage\":{\"@id\":\"https:\/\/tinarellisrl.com\/fr\/produit\/tvl70-2\/#primaryimage\"},\"image\":{\"@id\":\"https:\/\/tinarellisrl.com\/fr\/produit\/tvl70-2\/#primaryimage\"},\"thumbnailUrl\":\"https:\/\/tinarellisrl.com\/wp-content\/uploads\/2024\/07\/TVL70.webp\",\"datePublished\":\"2024-07-04T14:23:14+00:00\",\"dateModified\":\"2025-03-07T10:49:55+00:00\",\"breadcrumb\":{\"@id\":\"https:\/\/tinarellisrl.com\/fr\/produit\/tvl70-2\/#breadcrumb\"},\"inLanguage\":\"fr-FR\",\"potentialAction\":[{\"@type\":\"ReadAction\",\"target\":[\"https:\/\/tinarellisrl.com\/fr\/produit\/tvl70-2\/\"]}]},{\"@type\":\"ImageObject\",\"inLanguage\":\"fr-FR\",\"@id\":\"https:\/\/tinarellisrl.com\/fr\/produit\/tvl70-2\/#primaryimage\",\"url\":\"https:\/\/tinarellisrl.com\/wp-content\/uploads\/2024\/07\/TVL70.webp\",\"contentUrl\":\"https:\/\/tinarellisrl.com\/wp-content\/uploads\/2024\/07\/TVL70.webp\",\"width\":1024,\"height\":1024},{\"@type\":\"BreadcrumbList\",\"@id\":\"https:\/\/tinarellisrl.com\/fr\/produit\/tvl70-2\/#breadcrumb\",\"itemListElement\":[{\"@type\":\"ListItem\",\"position\":1,\"name\":\"Home\",\"item\":\"https:\/\/tinarellisrl.com\/en\/\"},{\"@type\":\"ListItem\",\"position\":2,\"name\":\"Products\",\"item\":\"https:\/\/tinarellisrl.com\/en\/shop\/\"},{\"@type\":\"ListItem\",\"position\":3,\"name\":\"TVL70\"}]},{\"@type\":\"WebSite\",\"@id\":\"https:\/\/tinarellisrl.com\/en\/#website\",\"url\":\"https:\/\/tinarellisrl.com\/en\/\",\"name\":\"Tinarelli srl\",\"description\":\"\",\"publisher\":{\"@id\":\"https:\/\/tinarellisrl.com\/en\/#organization\"},\"potentialAction\":[{\"@type\":\"SearchAction\",\"target\":{\"@type\":\"EntryPoint\",\"urlTemplate\":\"https:\/\/tinarellisrl.com\/en\/?s={search_term_string}\"},\"query-input\":{\"@type\":\"PropertyValueSpecification\",\"valueRequired\":true,\"valueName\":\"search_term_string\"}}],\"inLanguage\":\"fr-FR\"},{\"@type\":\"Organization\",\"@id\":\"https:\/\/tinarellisrl.com\/en\/#organization\",\"name\":\"Tinarelli srl\",\"url\":\"https:\/\/tinarellisrl.com\/en\/\",\"logo\":{\"@type\":\"ImageObject\",\"inLanguage\":\"fr-FR\",\"@id\":\"https:\/\/tinarellisrl.com\/en\/#\/schema\/logo\/image\/\",\"url\":\"https:\/\/tinarellisrl.com\/wp-content\/uploads\/2024\/05\/tinarelli-logo_blu.webp\",\"contentUrl\":\"https:\/\/tinarellisrl.com\/wp-content\/uploads\/2024\/05\/tinarelli-logo_blu.webp\",\"width\":250,\"height\":78,\"caption\":\"Tinarelli srl\"},\"image\":{\"@id\":\"https:\/\/tinarellisrl.com\/en\/#\/schema\/logo\/image\/\"}}]}<\/script>\n<!-- \/ Yoast SEO plugin. -->","yoast_head_json":{"title":"TVL70 - Tinarelli srl","robots":{"index":"index","follow":"follow","max-snippet":"max-snippet:-1","max-image-preview":"max-image-preview:large","max-video-preview":"max-video-preview:-1"},"canonical":"https:\/\/tinarellisrl.com\/fr\/produit\/tvl70-2\/","og_locale":"fr_FR","og_type":"article","og_title":"TVL70 - Tinarelli srl","og_description":"\u00c9tuyeuse verticale pour capsules de caf\u00e9","og_url":"https:\/\/tinarellisrl.com\/fr\/produit\/tvl70-2\/","og_site_name":"Tinarelli srl","article_modified_time":"2025-03-07T10:49:55+00:00","og_image":[{"width":1024,"height":1024,"url":"https:\/\/tinarellisrl.com\/wp-content\/uploads\/2024\/07\/TVL70.webp","type":"image\/webp"}],"twitter_card":"summary_large_image","twitter_misc":{"Dur\u00e9e de lecture estim\u00e9e":"1 minute"},"schema":{"@context":"https:\/\/schema.org","@graph":[{"@type":"WebPage","@id":"https:\/\/tinarellisrl.com\/fr\/produit\/tvl70-2\/","url":"https:\/\/tinarellisrl.com\/fr\/produit\/tvl70-2\/","name":"TVL70 - Tinarelli srl","isPartOf":{"@id":"https:\/\/tinarellisrl.com\/en\/#website"},"primaryImageOfPage":{"@id":"https:\/\/tinarellisrl.com\/fr\/produit\/tvl70-2\/#primaryimage"},"image":{"@id":"https:\/\/tinarellisrl.com\/fr\/produit\/tvl70-2\/#primaryimage"},"thumbnailUrl":"https:\/\/tinarellisrl.com\/wp-content\/uploads\/2024\/07\/TVL70.webp","datePublished":"2024-07-04T14:23:14+00:00","dateModified":"2025-03-07T10:49:55+00:00","breadcrumb":{"@id":"https:\/\/tinarellisrl.com\/fr\/produit\/tvl70-2\/#breadcrumb"},"inLanguage":"fr-FR","potentialAction":[{"@type":"ReadAction","target":["https:\/\/tinarellisrl.com\/fr\/produit\/tvl70-2\/"]}]},{"@type":"ImageObject","inLanguage":"fr-FR","@id":"https:\/\/tinarellisrl.com\/fr\/produit\/tvl70-2\/#primaryimage","url":"https:\/\/tinarellisrl.com\/wp-content\/uploads\/2024\/07\/TVL70.webp","contentUrl":"https:\/\/tinarellisrl.com\/wp-content\/uploads\/2024\/07\/TVL70.webp","width":1024,"height":1024},{"@type":"BreadcrumbList","@id":"https:\/\/tinarellisrl.com\/fr\/produit\/tvl70-2\/#breadcrumb","itemListElement":[{"@type":"ListItem","position":1,"name":"Home","item":"https:\/\/tinarellisrl.com\/en\/"},{"@type":"ListItem","position":2,"name":"Products","item":"https:\/\/tinarellisrl.com\/en\/shop\/"},{"@type":"ListItem","position":3,"name":"TVL70"}]},{"@type":"WebSite","@id":"https:\/\/tinarellisrl.com\/en\/#website","url":"https:\/\/tinarellisrl.com\/en\/","name":"Tinarelli srl","description":"","publisher":{"@id":"https:\/\/tinarellisrl.com\/en\/#organization"},"potentialAction":[{"@type":"SearchAction","target":{"@type":"EntryPoint","urlTemplate":"https:\/\/tinarellisrl.com\/en\/?s={search_term_string}"},"query-input":{"@type":"PropertyValueSpecification","valueRequired":true,"valueName":"search_term_string"}}],"inLanguage":"fr-FR"},{"@type":"Organization","@id":"https:\/\/tinarellisrl.com\/en\/#organization","name":"Tinarelli srl","url":"https:\/\/tinarellisrl.com\/en\/","logo":{"@type":"ImageObject","inLanguage":"fr-FR","@id":"https:\/\/tinarellisrl.com\/en\/#\/schema\/logo\/image\/","url":"https:\/\/tinarellisrl.com\/wp-content\/uploads\/2024\/05\/tinarelli-logo_blu.webp","contentUrl":"https:\/\/tinarellisrl.com\/wp-content\/uploads\/2024\/05\/tinarelli-logo_blu.webp","width":250,"height":78,"caption":"Tinarelli srl"},"image":{"@id":"https:\/\/tinarellisrl.com\/en\/#\/schema\/logo\/image\/"}}]}},"_links":{"self":[{"href":"https:\/\/tinarellisrl.com\/fr\/wp-json\/wp\/v2\/product\/1752","targetHints":{"allow":["GET"]}}],"collection":[{"href":"https:\/\/tinarellisrl.com\/fr\/wp-json\/wp\/v2\/product"}],"about":[{"href":"https:\/\/tinarellisrl.com\/fr\/wp-json\/wp\/v2\/types\/product"}],"replies":[{"embeddable":true,"href":"https:\/\/tinarellisrl.com\/fr\/wp-json\/wp\/v2\/comments?post=1752"}],"wp:featuredmedia":[{"embeddable":true,"href":"https:\/\/tinarellisrl.com\/fr\/wp-json\/wp\/v2\/media\/1167"}],"wp:attachment":[{"href":"https:\/\/tinarellisrl.com\/fr\/wp-json\/wp\/v2\/media?parent=1752"}],"wp:term":[{"taxonomy":"product_brand","embeddable":true,"href":"https:\/\/tinarellisrl.com\/fr\/wp-json\/wp\/v2\/product_brand?post=1752"},{"taxonomy":"product_cat","embeddable":true,"href":"https:\/\/tinarellisrl.com\/fr\/wp-json\/wp\/v2\/product_cat?post=1752"},{"taxonomy":"product_tag","embeddable":true,"href":"https:\/\/tinarellisrl.com\/fr\/wp-json\/wp\/v2\/product_tag?post=1752"}],"curies":[{"name":"wp","href":"https:\/\/api.w.org\/{rel}","templated":true}]}}