{"id":1553,"date":"2024-07-04T16:08:29","date_gmt":"2024-07-04T14:08:29","guid":{"rendered":"https:\/\/tinarellisrl.com\/product\/chm10s17\/"},"modified":"2024-07-04T16:08:29","modified_gmt":"2024-07-04T14:08:29","slug":"chm10s17","status":"publish","type":"product","link":"https:\/\/tinarellisrl.com\/it\/prodotto\/chm10s17\/","title":{"rendered":"CHM10S17"},"content":{"rendered":"<p>Incartonatrice orizzontale automatica per inserimento e impilaggio di diversi prodotti in cartone americano. L\u2019alimentazione automatica cambia a seconda del tipo di prodotto da confezionare, della velocit\u00e0 di arrivo e della disposizione finale del prodotto all\u2019interno del cartone. Il magazzino cartoni \u00e8 dotato di una grande capacit\u00e0 e pu\u00f2 essere riempito facilmente mentre la macchina \u00e8 in funzione. La presa e il trasferimento del cartone avviene con una procedura molto rapida. Apertura del cartone positiva tramite ventose. Questo permette anche l\u2019apertura dei cartoni pi\u00f9 \u201cdifficili\u201d. Chiusura cartone con nastro adesivo o colla a caldo. Protezioni completamente trasparenti che permettono all\u2019operatore un\u2019ottimale visione interna e accessibilit\u00e0. Macchina completamente regolabile che pu\u00f2 lavorare una vasta gamma di formati. Cambio formato semplice senza uso di attrezzi. Tutte le regolazioni sono fatte tramite indicatori. Gamma sistemi di marcatura disponibile su richiesta. Velocit\u00e0 macchina: fino a 10 cartoni al minuto, a seconda delle dimensioni del cartone e del prodotto da confezionare.<\/p>\n","protected":false},"excerpt":{"rendered":"<p>Incartonatrice orizzontale automatica per inserimento e impilaggio di diversi prodotti in cartone americano.<\/p>\n","protected":false},"featured_media":1150,"comment_status":"open","ping_status":"closed","template":"","meta":[],"product_brand":[],"product_cat":[89,90,85],"product_tag":[],"class_list":{"0":"post-1553","1":"product","2":"type-product","3":"status-publish","4":"has-post-thumbnail","6":"product_cat-make-up-it","7":"product_cat-profumeria","8":"product_cat-skin-care-it","10":"first","11":"instock","12":"shipping-taxable","13":"product-type-simple"},"yoast_head":"<!-- This site is optimized with the Yoast SEO plugin v26.7 - https:\/\/yoast.com\/wordpress\/plugins\/seo\/ -->\n<title>CHM10S17 - Tinarelli srl<\/title>\n<meta name=\"robots\" content=\"index, follow, max-snippet:-1, max-image-preview:large, max-video-preview:-1\" \/>\n<link rel=\"canonical\" href=\"https:\/\/tinarellisrl.com\/en\/prodotto\/chm10s17-cosmetics-makeup\/\" \/>\n<meta property=\"og:locale\" content=\"it_IT\" \/>\n<meta property=\"og:type\" content=\"article\" \/>\n<meta property=\"og:title\" content=\"CHM10S17 - Tinarelli srl\" \/>\n<meta property=\"og:description\" content=\"Incartonatrice orizzontale automatica per inserimento e impilaggio di diversi prodotti in cartone americano.\" \/>\n<meta property=\"og:url\" content=\"https:\/\/tinarellisrl.com\/en\/prodotto\/chm10s17-cosmetics-makeup\/\" \/>\n<meta property=\"og:site_name\" content=\"Tinarelli srl\" \/>\n<meta property=\"og:image\" content=\"https:\/\/tinarellisrl.com\/wp-content\/uploads\/2024\/07\/CHM10S17.webp\" \/>\n\t<meta property=\"og:image:width\" content=\"1024\" \/>\n\t<meta property=\"og:image:height\" content=\"1024\" \/>\n\t<meta property=\"og:image:type\" content=\"image\/webp\" \/>\n<meta name=\"twitter:card\" content=\"summary_large_image\" \/>\n<meta name=\"twitter:label1\" content=\"Tempo di lettura stimato\" \/>\n\t<meta name=\"twitter:data1\" content=\"1 minuto\" \/>\n<script type=\"application\/ld+json\" class=\"yoast-schema-graph\">{\"@context\":\"https:\/\/schema.org\",\"@graph\":[{\"@type\":\"WebPage\",\"@id\":\"https:\/\/tinarellisrl.com\/en\/prodotto\/chm10s17-cosmetics-makeup\/\",\"url\":\"https:\/\/tinarellisrl.com\/en\/prodotto\/chm10s17-cosmetics-makeup\/\",\"name\":\"CHM10S17 - Tinarelli srl\",\"isPartOf\":{\"@id\":\"https:\/\/tinarellisrl.com\/en\/#website\"},\"primaryImageOfPage\":{\"@id\":\"https:\/\/tinarellisrl.com\/en\/prodotto\/chm10s17-cosmetics-makeup\/#primaryimage\"},\"image\":{\"@id\":\"https:\/\/tinarellisrl.com\/en\/prodotto\/chm10s17-cosmetics-makeup\/#primaryimage\"},\"thumbnailUrl\":\"https:\/\/tinarellisrl.com\/wp-content\/uploads\/2024\/07\/CHM10S17.webp\",\"datePublished\":\"2024-07-04T14:08:29+00:00\",\"breadcrumb\":{\"@id\":\"https:\/\/tinarellisrl.com\/en\/prodotto\/chm10s17-cosmetics-makeup\/#breadcrumb\"},\"inLanguage\":\"it-IT\",\"potentialAction\":[{\"@type\":\"ReadAction\",\"target\":[\"https:\/\/tinarellisrl.com\/en\/prodotto\/chm10s17-cosmetics-makeup\/\"]}]},{\"@type\":\"ImageObject\",\"inLanguage\":\"it-IT\",\"@id\":\"https:\/\/tinarellisrl.com\/en\/prodotto\/chm10s17-cosmetics-makeup\/#primaryimage\",\"url\":\"https:\/\/tinarellisrl.com\/wp-content\/uploads\/2024\/07\/CHM10S17.webp\",\"contentUrl\":\"https:\/\/tinarellisrl.com\/wp-content\/uploads\/2024\/07\/CHM10S17.webp\",\"width\":1024,\"height\":1024},{\"@type\":\"BreadcrumbList\",\"@id\":\"https:\/\/tinarellisrl.com\/en\/prodotto\/chm10s17-cosmetics-makeup\/#breadcrumb\",\"itemListElement\":[{\"@type\":\"ListItem\",\"position\":1,\"name\":\"Home\",\"item\":\"https:\/\/tinarellisrl.com\/it\/\"},{\"@type\":\"ListItem\",\"position\":2,\"name\":\"Products\",\"item\":\"https:\/\/tinarellisrl.com\/en\/shop\/\"},{\"@type\":\"ListItem\",\"position\":3,\"name\":\"CHM10S17\"}]},{\"@type\":\"WebSite\",\"@id\":\"https:\/\/tinarellisrl.com\/en\/#website\",\"url\":\"https:\/\/tinarellisrl.com\/en\/\",\"name\":\"Tinarelli srl\",\"description\":\"\",\"publisher\":{\"@id\":\"https:\/\/tinarellisrl.com\/en\/#organization\"},\"potentialAction\":[{\"@type\":\"SearchAction\",\"target\":{\"@type\":\"EntryPoint\",\"urlTemplate\":\"https:\/\/tinarellisrl.com\/en\/?s={search_term_string}\"},\"query-input\":{\"@type\":\"PropertyValueSpecification\",\"valueRequired\":true,\"valueName\":\"search_term_string\"}}],\"inLanguage\":\"it-IT\"},{\"@type\":\"Organization\",\"@id\":\"https:\/\/tinarellisrl.com\/en\/#organization\",\"name\":\"Tinarelli srl\",\"url\":\"https:\/\/tinarellisrl.com\/en\/\",\"logo\":{\"@type\":\"ImageObject\",\"inLanguage\":\"it-IT\",\"@id\":\"https:\/\/tinarellisrl.com\/en\/#\/schema\/logo\/image\/\",\"url\":\"https:\/\/tinarellisrl.com\/wp-content\/uploads\/2024\/05\/tinarelli-logo_blu.webp\",\"contentUrl\":\"https:\/\/tinarellisrl.com\/wp-content\/uploads\/2024\/05\/tinarelli-logo_blu.webp\",\"width\":250,\"height\":78,\"caption\":\"Tinarelli srl\"},\"image\":{\"@id\":\"https:\/\/tinarellisrl.com\/en\/#\/schema\/logo\/image\/\"}}]}<\/script>\n<!-- \/ Yoast SEO plugin. -->","yoast_head_json":{"title":"CHM10S17 - Tinarelli srl","robots":{"index":"index","follow":"follow","max-snippet":"max-snippet:-1","max-image-preview":"max-image-preview:large","max-video-preview":"max-video-preview:-1"},"canonical":"https:\/\/tinarellisrl.com\/en\/prodotto\/chm10s17-cosmetics-makeup\/","og_locale":"it_IT","og_type":"article","og_title":"CHM10S17 - Tinarelli srl","og_description":"Incartonatrice orizzontale automatica per inserimento e impilaggio di diversi prodotti in cartone americano.","og_url":"https:\/\/tinarellisrl.com\/en\/prodotto\/chm10s17-cosmetics-makeup\/","og_site_name":"Tinarelli srl","og_image":[{"width":1024,"height":1024,"url":"https:\/\/tinarellisrl.com\/wp-content\/uploads\/2024\/07\/CHM10S17.webp","type":"image\/webp"}],"twitter_card":"summary_large_image","twitter_misc":{"Tempo di lettura stimato":"1 minuto"},"schema":{"@context":"https:\/\/schema.org","@graph":[{"@type":"WebPage","@id":"https:\/\/tinarellisrl.com\/en\/prodotto\/chm10s17-cosmetics-makeup\/","url":"https:\/\/tinarellisrl.com\/en\/prodotto\/chm10s17-cosmetics-makeup\/","name":"CHM10S17 - Tinarelli srl","isPartOf":{"@id":"https:\/\/tinarellisrl.com\/en\/#website"},"primaryImageOfPage":{"@id":"https:\/\/tinarellisrl.com\/en\/prodotto\/chm10s17-cosmetics-makeup\/#primaryimage"},"image":{"@id":"https:\/\/tinarellisrl.com\/en\/prodotto\/chm10s17-cosmetics-makeup\/#primaryimage"},"thumbnailUrl":"https:\/\/tinarellisrl.com\/wp-content\/uploads\/2024\/07\/CHM10S17.webp","datePublished":"2024-07-04T14:08:29+00:00","breadcrumb":{"@id":"https:\/\/tinarellisrl.com\/en\/prodotto\/chm10s17-cosmetics-makeup\/#breadcrumb"},"inLanguage":"it-IT","potentialAction":[{"@type":"ReadAction","target":["https:\/\/tinarellisrl.com\/en\/prodotto\/chm10s17-cosmetics-makeup\/"]}]},{"@type":"ImageObject","inLanguage":"it-IT","@id":"https:\/\/tinarellisrl.com\/en\/prodotto\/chm10s17-cosmetics-makeup\/#primaryimage","url":"https:\/\/tinarellisrl.com\/wp-content\/uploads\/2024\/07\/CHM10S17.webp","contentUrl":"https:\/\/tinarellisrl.com\/wp-content\/uploads\/2024\/07\/CHM10S17.webp","width":1024,"height":1024},{"@type":"BreadcrumbList","@id":"https:\/\/tinarellisrl.com\/en\/prodotto\/chm10s17-cosmetics-makeup\/#breadcrumb","itemListElement":[{"@type":"ListItem","position":1,"name":"Home","item":"https:\/\/tinarellisrl.com\/it\/"},{"@type":"ListItem","position":2,"name":"Products","item":"https:\/\/tinarellisrl.com\/en\/shop\/"},{"@type":"ListItem","position":3,"name":"CHM10S17"}]},{"@type":"WebSite","@id":"https:\/\/tinarellisrl.com\/en\/#website","url":"https:\/\/tinarellisrl.com\/en\/","name":"Tinarelli srl","description":"","publisher":{"@id":"https:\/\/tinarellisrl.com\/en\/#organization"},"potentialAction":[{"@type":"SearchAction","target":{"@type":"EntryPoint","urlTemplate":"https:\/\/tinarellisrl.com\/en\/?s={search_term_string}"},"query-input":{"@type":"PropertyValueSpecification","valueRequired":true,"valueName":"search_term_string"}}],"inLanguage":"it-IT"},{"@type":"Organization","@id":"https:\/\/tinarellisrl.com\/en\/#organization","name":"Tinarelli srl","url":"https:\/\/tinarellisrl.com\/en\/","logo":{"@type":"ImageObject","inLanguage":"it-IT","@id":"https:\/\/tinarellisrl.com\/en\/#\/schema\/logo\/image\/","url":"https:\/\/tinarellisrl.com\/wp-content\/uploads\/2024\/05\/tinarelli-logo_blu.webp","contentUrl":"https:\/\/tinarellisrl.com\/wp-content\/uploads\/2024\/05\/tinarelli-logo_blu.webp","width":250,"height":78,"caption":"Tinarelli srl"},"image":{"@id":"https:\/\/tinarellisrl.com\/en\/#\/schema\/logo\/image\/"}}]}},"_links":{"self":[{"href":"https:\/\/tinarellisrl.com\/it\/wp-json\/wp\/v2\/product\/1553","targetHints":{"allow":["GET"]}}],"collection":[{"href":"https:\/\/tinarellisrl.com\/it\/wp-json\/wp\/v2\/product"}],"about":[{"href":"https:\/\/tinarellisrl.com\/it\/wp-json\/wp\/v2\/types\/product"}],"replies":[{"embeddable":true,"href":"https:\/\/tinarellisrl.com\/it\/wp-json\/wp\/v2\/comments?post=1553"}],"wp:featuredmedia":[{"embeddable":true,"href":"https:\/\/tinarellisrl.com\/it\/wp-json\/wp\/v2\/media\/1150"}],"wp:attachment":[{"href":"https:\/\/tinarellisrl.com\/it\/wp-json\/wp\/v2\/media?parent=1553"}],"wp:term":[{"taxonomy":"product_brand","embeddable":true,"href":"https:\/\/tinarellisrl.com\/it\/wp-json\/wp\/v2\/product_brand?post=1553"},{"taxonomy":"product_cat","embeddable":true,"href":"https:\/\/tinarellisrl.com\/it\/wp-json\/wp\/v2\/product_cat?post=1553"},{"taxonomy":"product_tag","embeddable":true,"href":"https:\/\/tinarellisrl.com\/it\/wp-json\/wp\/v2\/product_tag?post=1553"}],"curies":[{"name":"wp","href":"https:\/\/api.w.org\/{rel}","templated":true}]}}