{"id":1592,"date":"2024-07-04T17:19:04","date_gmt":"2024-07-04T15:19:04","guid":{"rendered":"https:\/\/tinarellisrl.com\/product\/hc20c\/"},"modified":"2024-07-04T17:19:04","modified_gmt":"2024-07-04T15:19:04","slug":"hc20c","status":"publish","type":"product","link":"https:\/\/tinarellisrl.com\/it\/prodotto\/hc20c\/","title":{"rendered":"HC20C"},"content":{"rendered":"<p>Astucciatrice orizzontale per il confezionamento di capsule di caff\u00e9 in plastica, alluminio o compostabili. La macchina pu\u00f2 confezionare astucci pre-incollati. Chiusura della patella con colla a caldo. Alimentazione automatica con abbinamento ad altre macchine riempitrici-saldatrici di capsule, o tramite gruppo alimentatore vibrante. Macchina a movimenti alternati con struttura a balcone che permette una ottimale accessibilit\u00e0 per effettuare regolazioni e operazioni di pulizia. Macchina completamente meccanica per ridurre al minimo la manutenzione. Possibilit\u00e0 di confezionare le capsule con diverse configurazione, combinabili tra loro. Il cambio formato \u00e8 molto facile e veloce con regolazioni fatte tramite indicatori. Non sono necessari attrezzi per effettuare il cambio formato. La macchina \u00e8 controllata da un PLC ed \u00e8 dotata di interfaccia tramite touch screen LCD. Possibilit\u00e0 di diversi accessori opzionali su richiesta. Velocit\u00e0 massima di arrivo capsule : <strong>150\/min<\/strong> Velocit\u00e0 massima: <strong>15-20 astucci\/minuto<\/strong> (in base al prodotto da confezionare).<\/p>\n","protected":false},"excerpt":{"rendered":"<p>Astucciatrice orizzontale per capsule di caff\u00e9<\/p>\n","protected":false},"featured_media":1347,"comment_status":"open","ping_status":"closed","template":"","meta":[],"product_brand":[],"product_cat":[95],"product_tag":[],"class_list":{"0":"post-1592","1":"product","2":"type-product","3":"status-publish","4":"has-post-thumbnail","6":"product_cat-capsule-caffe","8":"first","9":"instock","10":"shipping-taxable","11":"product-type-simple"},"yoast_head":"<!-- This site is optimized with the Yoast SEO plugin v26.7 - https:\/\/yoast.com\/wordpress\/plugins\/seo\/ -->\n<title>HC20C - Tinarelli srl<\/title>\n<meta name=\"robots\" content=\"index, follow, max-snippet:-1, max-image-preview:large, max-video-preview:-1\" \/>\n<link rel=\"canonical\" href=\"https:\/\/tinarellisrl.com\/en\/prodotto\/hc20c\/\" \/>\n<meta property=\"og:locale\" content=\"it_IT\" \/>\n<meta property=\"og:type\" content=\"article\" \/>\n<meta property=\"og:title\" content=\"HC20C - Tinarelli srl\" \/>\n<meta property=\"og:description\" content=\"Astucciatrice orizzontale per capsule di caff\u00e9\" \/>\n<meta property=\"og:url\" content=\"https:\/\/tinarellisrl.com\/en\/prodotto\/hc20c\/\" \/>\n<meta property=\"og:site_name\" content=\"Tinarelli srl\" \/>\n<meta property=\"og:image\" content=\"https:\/\/tinarellisrl.com\/wp-content\/uploads\/2024\/07\/HC20C.webp\" \/>\n\t<meta property=\"og:image:width\" content=\"1024\" \/>\n\t<meta property=\"og:image:height\" content=\"1024\" \/>\n\t<meta property=\"og:image:type\" content=\"image\/webp\" \/>\n<meta name=\"twitter:card\" content=\"summary_large_image\" \/>\n<meta name=\"twitter:label1\" content=\"Tempo di lettura stimato\" \/>\n\t<meta name=\"twitter:data1\" content=\"1 minuto\" \/>\n<script type=\"application\/ld+json\" class=\"yoast-schema-graph\">{\"@context\":\"https:\/\/schema.org\",\"@graph\":[{\"@type\":\"WebPage\",\"@id\":\"https:\/\/tinarellisrl.com\/en\/prodotto\/hc20c\/\",\"url\":\"https:\/\/tinarellisrl.com\/en\/prodotto\/hc20c\/\",\"name\":\"HC20C - Tinarelli srl\",\"isPartOf\":{\"@id\":\"https:\/\/tinarellisrl.com\/en\/#website\"},\"primaryImageOfPage\":{\"@id\":\"https:\/\/tinarellisrl.com\/en\/prodotto\/hc20c\/#primaryimage\"},\"image\":{\"@id\":\"https:\/\/tinarellisrl.com\/en\/prodotto\/hc20c\/#primaryimage\"},\"thumbnailUrl\":\"https:\/\/tinarellisrl.com\/wp-content\/uploads\/2024\/07\/HC20C.webp\",\"datePublished\":\"2024-07-04T15:19:04+00:00\",\"breadcrumb\":{\"@id\":\"https:\/\/tinarellisrl.com\/en\/prodotto\/hc20c\/#breadcrumb\"},\"inLanguage\":\"it-IT\",\"potentialAction\":[{\"@type\":\"ReadAction\",\"target\":[\"https:\/\/tinarellisrl.com\/en\/prodotto\/hc20c\/\"]}]},{\"@type\":\"ImageObject\",\"inLanguage\":\"it-IT\",\"@id\":\"https:\/\/tinarellisrl.com\/en\/prodotto\/hc20c\/#primaryimage\",\"url\":\"https:\/\/tinarellisrl.com\/wp-content\/uploads\/2024\/07\/HC20C.webp\",\"contentUrl\":\"https:\/\/tinarellisrl.com\/wp-content\/uploads\/2024\/07\/HC20C.webp\",\"width\":1024,\"height\":1024},{\"@type\":\"BreadcrumbList\",\"@id\":\"https:\/\/tinarellisrl.com\/en\/prodotto\/hc20c\/#breadcrumb\",\"itemListElement\":[{\"@type\":\"ListItem\",\"position\":1,\"name\":\"Home\",\"item\":\"https:\/\/tinarellisrl.com\/it\/\"},{\"@type\":\"ListItem\",\"position\":2,\"name\":\"Products\",\"item\":\"https:\/\/tinarellisrl.com\/en\/shop\/\"},{\"@type\":\"ListItem\",\"position\":3,\"name\":\"HC20C\"}]},{\"@type\":\"WebSite\",\"@id\":\"https:\/\/tinarellisrl.com\/en\/#website\",\"url\":\"https:\/\/tinarellisrl.com\/en\/\",\"name\":\"Tinarelli srl\",\"description\":\"\",\"publisher\":{\"@id\":\"https:\/\/tinarellisrl.com\/en\/#organization\"},\"potentialAction\":[{\"@type\":\"SearchAction\",\"target\":{\"@type\":\"EntryPoint\",\"urlTemplate\":\"https:\/\/tinarellisrl.com\/en\/?s={search_term_string}\"},\"query-input\":{\"@type\":\"PropertyValueSpecification\",\"valueRequired\":true,\"valueName\":\"search_term_string\"}}],\"inLanguage\":\"it-IT\"},{\"@type\":\"Organization\",\"@id\":\"https:\/\/tinarellisrl.com\/en\/#organization\",\"name\":\"Tinarelli srl\",\"url\":\"https:\/\/tinarellisrl.com\/en\/\",\"logo\":{\"@type\":\"ImageObject\",\"inLanguage\":\"it-IT\",\"@id\":\"https:\/\/tinarellisrl.com\/en\/#\/schema\/logo\/image\/\",\"url\":\"https:\/\/tinarellisrl.com\/wp-content\/uploads\/2024\/05\/tinarelli-logo_blu.webp\",\"contentUrl\":\"https:\/\/tinarellisrl.com\/wp-content\/uploads\/2024\/05\/tinarelli-logo_blu.webp\",\"width\":250,\"height\":78,\"caption\":\"Tinarelli srl\"},\"image\":{\"@id\":\"https:\/\/tinarellisrl.com\/en\/#\/schema\/logo\/image\/\"}}]}<\/script>\n<!-- \/ Yoast SEO plugin. -->","yoast_head_json":{"title":"HC20C - Tinarelli srl","robots":{"index":"index","follow":"follow","max-snippet":"max-snippet:-1","max-image-preview":"max-image-preview:large","max-video-preview":"max-video-preview:-1"},"canonical":"https:\/\/tinarellisrl.com\/en\/prodotto\/hc20c\/","og_locale":"it_IT","og_type":"article","og_title":"HC20C - Tinarelli srl","og_description":"Astucciatrice orizzontale per capsule di caff\u00e9","og_url":"https:\/\/tinarellisrl.com\/en\/prodotto\/hc20c\/","og_site_name":"Tinarelli srl","og_image":[{"width":1024,"height":1024,"url":"https:\/\/tinarellisrl.com\/wp-content\/uploads\/2024\/07\/HC20C.webp","type":"image\/webp"}],"twitter_card":"summary_large_image","twitter_misc":{"Tempo di lettura stimato":"1 minuto"},"schema":{"@context":"https:\/\/schema.org","@graph":[{"@type":"WebPage","@id":"https:\/\/tinarellisrl.com\/en\/prodotto\/hc20c\/","url":"https:\/\/tinarellisrl.com\/en\/prodotto\/hc20c\/","name":"HC20C - Tinarelli srl","isPartOf":{"@id":"https:\/\/tinarellisrl.com\/en\/#website"},"primaryImageOfPage":{"@id":"https:\/\/tinarellisrl.com\/en\/prodotto\/hc20c\/#primaryimage"},"image":{"@id":"https:\/\/tinarellisrl.com\/en\/prodotto\/hc20c\/#primaryimage"},"thumbnailUrl":"https:\/\/tinarellisrl.com\/wp-content\/uploads\/2024\/07\/HC20C.webp","datePublished":"2024-07-04T15:19:04+00:00","breadcrumb":{"@id":"https:\/\/tinarellisrl.com\/en\/prodotto\/hc20c\/#breadcrumb"},"inLanguage":"it-IT","potentialAction":[{"@type":"ReadAction","target":["https:\/\/tinarellisrl.com\/en\/prodotto\/hc20c\/"]}]},{"@type":"ImageObject","inLanguage":"it-IT","@id":"https:\/\/tinarellisrl.com\/en\/prodotto\/hc20c\/#primaryimage","url":"https:\/\/tinarellisrl.com\/wp-content\/uploads\/2024\/07\/HC20C.webp","contentUrl":"https:\/\/tinarellisrl.com\/wp-content\/uploads\/2024\/07\/HC20C.webp","width":1024,"height":1024},{"@type":"BreadcrumbList","@id":"https:\/\/tinarellisrl.com\/en\/prodotto\/hc20c\/#breadcrumb","itemListElement":[{"@type":"ListItem","position":1,"name":"Home","item":"https:\/\/tinarellisrl.com\/it\/"},{"@type":"ListItem","position":2,"name":"Products","item":"https:\/\/tinarellisrl.com\/en\/shop\/"},{"@type":"ListItem","position":3,"name":"HC20C"}]},{"@type":"WebSite","@id":"https:\/\/tinarellisrl.com\/en\/#website","url":"https:\/\/tinarellisrl.com\/en\/","name":"Tinarelli srl","description":"","publisher":{"@id":"https:\/\/tinarellisrl.com\/en\/#organization"},"potentialAction":[{"@type":"SearchAction","target":{"@type":"EntryPoint","urlTemplate":"https:\/\/tinarellisrl.com\/en\/?s={search_term_string}"},"query-input":{"@type":"PropertyValueSpecification","valueRequired":true,"valueName":"search_term_string"}}],"inLanguage":"it-IT"},{"@type":"Organization","@id":"https:\/\/tinarellisrl.com\/en\/#organization","name":"Tinarelli srl","url":"https:\/\/tinarellisrl.com\/en\/","logo":{"@type":"ImageObject","inLanguage":"it-IT","@id":"https:\/\/tinarellisrl.com\/en\/#\/schema\/logo\/image\/","url":"https:\/\/tinarellisrl.com\/wp-content\/uploads\/2024\/05\/tinarelli-logo_blu.webp","contentUrl":"https:\/\/tinarellisrl.com\/wp-content\/uploads\/2024\/05\/tinarelli-logo_blu.webp","width":250,"height":78,"caption":"Tinarelli srl"},"image":{"@id":"https:\/\/tinarellisrl.com\/en\/#\/schema\/logo\/image\/"}}]}},"_links":{"self":[{"href":"https:\/\/tinarellisrl.com\/it\/wp-json\/wp\/v2\/product\/1592","targetHints":{"allow":["GET"]}}],"collection":[{"href":"https:\/\/tinarellisrl.com\/it\/wp-json\/wp\/v2\/product"}],"about":[{"href":"https:\/\/tinarellisrl.com\/it\/wp-json\/wp\/v2\/types\/product"}],"replies":[{"embeddable":true,"href":"https:\/\/tinarellisrl.com\/it\/wp-json\/wp\/v2\/comments?post=1592"}],"wp:featuredmedia":[{"embeddable":true,"href":"https:\/\/tinarellisrl.com\/it\/wp-json\/wp\/v2\/media\/1347"}],"wp:attachment":[{"href":"https:\/\/tinarellisrl.com\/it\/wp-json\/wp\/v2\/media?parent=1592"}],"wp:term":[{"taxonomy":"product_brand","embeddable":true,"href":"https:\/\/tinarellisrl.com\/it\/wp-json\/wp\/v2\/product_brand?post=1592"},{"taxonomy":"product_cat","embeddable":true,"href":"https:\/\/tinarellisrl.com\/it\/wp-json\/wp\/v2\/product_cat?post=1592"},{"taxonomy":"product_tag","embeddable":true,"href":"https:\/\/tinarellisrl.com\/it\/wp-json\/wp\/v2\/product_tag?post=1592"}],"curies":[{"name":"wp","href":"https:\/\/api.w.org\/{rel}","templated":true}]}}